{"id":107,"date":"2017-01-27T04:48:24","date_gmt":"2017-01-27T06:48:24","guid":{"rendered":"http:\/\/dragoesdegaragem.com\/trabalhodemesa\/?page_id=107"},"modified":"2019-08-11T03:58:46","modified_gmt":"2019-08-11T06:58:46","slug":"sobre","status":"publish","type":"page","link":"http:\/\/dragoesdegaragem.com\/trabalhodemesa\/sobre\/","title":{"rendered":"Sobre"},"content":{"rendered":"<p>[et_pb_section admin_label=&#8221;section&#8221;][et_pb_row admin_label=&#8221;row&#8221;][et_pb_column type=&#8221;4_4&#8243;][et_pb_image admin_label=&#8221;Imagem&#8221; src=&#8221;http:\/\/dragoesdegaragem.com\/trabalhodemesa\/wp-content\/uploads\/2017\/01\/logo_TdM_cor-400.png&#8221; show_in_lightbox=&#8221;off&#8221; url_new_window=&#8221;off&#8221; use_overlay=&#8221;off&#8221; animation=&#8221;off&#8221; sticky=&#8221;on&#8221; align=&#8221;center&#8221; force_fullwidth=&#8221;off&#8221; always_center_on_mobile=&#8221;on&#8221; use_border_color=&#8221;off&#8221; border_color=&#8221;#ffffff&#8221; border_style=&#8221;solid&#8221;]<\/p>\n<p>&nbsp;<\/p>\n<p>[\/et_pb_image][et_pb_text admin_label=&#8221;Texto&#8221; background_layout=&#8221;light&#8221; text_orientation=&#8221;left&#8221; use_border_color=&#8221;off&#8221; border_color=&#8221;#ffffff&#8221; border_style=&#8221;solid&#8221;]<\/p>\n<p><span style=\"font-size: 14pt;\">Com o intuito de produzir conte\u00fados virtuais brasileiros, multiplicar os conte\u00fados art\u00edsticos na Internet e, ainda, registrar o pensamento do fazer Arte, o TdM foi criado como um programa sobre Teatro\/Artes para a internet.<br \/>\n<\/span><br \/>\n<span style=\"font-size: 14pt;\">De forma totalmente independente &#8211; unindo algoritmos sociais ao consumo inteligente &#8211; o TdM \u00e9 um grande canal de comunica\u00e7\u00e3o e divulga\u00e7\u00e3o art\u00edstica.<br \/>\n<\/span><br \/>\n<span style=\"font-size: 14pt;\">Quase todos os conte\u00fados, em portugu\u00eas, sobre teatro, est\u00e3o mais para \u201cA Minha Vida de Atriz\u201d, do que uma an\u00e1lise profissional das linhas de produ\u00e7\u00e3o ou o pensar Teatro como bem de consumo cultural. Logo, distanciando novos interessados em ingressar na carreira art\u00edstica.<br \/>\n<\/span><br \/>\n<span style=\"font-size: 14pt;\">O TdM prop\u00f5e a solidifica\u00e7\u00e3o de uma programa\u00e7\u00e3o art\u00edstica leg\u00edtima e aut\u00f4noma. Pois, que \u00e9 not\u00f3ria a escassez desse tipo de conte\u00fado na internet.<br \/>\n<\/span><br \/>\n<span style=\"font-size: 14pt;\">Um produto que seja dedicado, produzido e elaborado por Artistas, para o P\u00fablico.<\/span><\/p>\n<p style=\"text-align: center;\"><strong>Trabalho de Mesa \u00e9:<\/strong><br \/>\nApresentadores: Hugo Leonardo, Ana Fl\u00e1via Garcia, Josuel J\u00fanior, Luciana Loureiro,<br \/>\nFernando Martins, Denis Camargo &amp; Daniel Obregon.<br \/>\nEditor Chefe e Host: Reinecken<br \/>\nEditor: Henrique Andrade &#8211; https:\/\/www.henriqueandrade.net\/<\/p>\n<p style=\"text-align: center;\">Produ\u00e7\u00e3o Executiva: Ana Paula Martins<br \/>\nProdu\u00e7\u00e3o Geral: Georgia Rafaela\/Pratic\u00e1vel Produ\u00e7\u00e3o<br \/>\nCoordena\u00e7\u00e3o Geral: Gustavo Reinecken<br \/>\nRealiza\u00e7\u00e3o: E.T.C.A. &#8211; Equipe Teatral Confins-Art\u00edsticos &amp; Trabalho de Mesa<\/p>\n<p>[\/et_pb_text][et_pb_team_member admin_label=&#8221;Pessoa&#8221; name=&#8221;Josuel J\u00fanior&#8221; image_url=&#8221;http:\/\/dragoesdegaragem.com\/trabalhodemesa\/wp-content\/uploads\/2019\/05\/Josuel_Site.png&#8221; animation=&#8221;off&#8221; background_layout=&#8221;light&#8221; use_border_color=&#8221;off&#8221; border_color=&#8221;#ffffff&#8221; border_style=&#8221;solid&#8221; position=&#8221;Host interino &#8211; Apresentador&#8221;]<\/p>\n<p>Junior \u00e9 ator, professor, quase nudista e produtor cultural formado pela Faculdade de Artes Dulcina de Moraes. Tem trabalho ativo em teatro, cinema, televis\u00e3o e fotografia e vive correndo contra o tempo pra dar conta de fazer as produ\u00e7\u00f5es e as assessorias de imprensa de Bras\u00edlia&#8230;<\/p>\n<p>Mas, sempre arruma um jeitinho de ver as reprises de novelas antigas na TV a cabo.<\/p>\n<p>www.josueljunior.com<\/p>\n<p>[\/et_pb_team_member][et_pb_team_member admin_label=&#8221;Pessoa&#8221; name=&#8221;Daniel Obregon&#8221; image_url=&#8221;http:\/\/dragoesdegaragem.com\/trabalhodemesa\/wp-content\/uploads\/2019\/05\/Obregas_Site.png&#8221; animation=&#8221;off&#8221; background_layout=&#8221;light&#8221; use_border_color=&#8221;off&#8221; border_color=&#8221;#ffffff&#8221; border_style=&#8221;solid&#8221; position=&#8221;Designer Gr\u00e1fico &#8211; Apresentador &#8220;]<\/p>\n<div>\u00c9 publicit\u00e1rio, ator, improvisador, gente boa por fora e rabugento por dentro.<\/div>\n<div>Mas, queria mesmo era ser o Batman.<\/div>\n<p>[\/et_pb_team_member][et_pb_team_member admin_label=&#8221;Pessoa&#8221; name=&#8221;Hugo Leonardo&#8221; image_url=&#8221;http:\/\/dragoesdegaragem.com\/trabalhodemesa\/wp-content\/uploads\/2019\/05\/Hugo_Site.png&#8221; animation=&#8221;off&#8221; background_layout=&#8221;light&#8221; use_border_color=&#8221;off&#8221; border_color=&#8221;#ffffff&#8221; border_style=&#8221;solid&#8221; position=&#8221;Apresentador&#8221;]<\/p>\n<div data-ogsc=\"rgb(34, 34, 34)\" data-ogsb=\"rgb(255, 255, 255)\">\u00c9 ator, palha\u00e7o e professor de artes c\u00eanicas licenciado pela UnB. Atua em algumas companhias de teatro no DF. Participou de alguns programas do Trabalho de Mesa e agora, finalmente, passou a integrar a equipe de apresentadores do TdM!<\/div>\n<div data-ogsc=\"rgb(34, 34, 34)\" data-ogsb=\"rgb(255, 255, 255)\">Mas, na inf\u00e2ncia achava que era apaixonado pela Malu Mader e na adolesc\u00eancia, descobriu que n\u00e3o era apaixonado, mas que sim, queria ser a Malu Mader.<\/div>\n<p>[\/et_pb_team_member][et_pb_team_member admin_label=&#8221;Pessoa&#8221; name=&#8221;Georgia Rafaela&#8221; image_url=&#8221;http:\/\/dragoesdegaragem.com\/trabalhodemesa\/wp-content\/uploads\/2017\/01\/Georgia-Principal.png&#8221; animation=&#8221;off&#8221; background_layout=&#8221;light&#8221; use_border_color=&#8221;off&#8221; border_color=&#8221;#ffffff&#8221; border_style=&#8221;solid&#8221; position=&#8221;Produtora &#8211; Chefa&#8221;]<\/p>\n<p>\u00c9 atriz, gerente de projetos culturais e produtora do TdM. Viciada em filmes e seriados de TV. Fofamente mal-humorada, tem mania de organiza\u00e7\u00e3o e est\u00e1 sempre com fome. Tornou-se atriz porque acredita ser muito mais interessante ser v\u00e1rias pessoas do que uma s\u00f3. N\u00e3o, ela n\u00e3o \u00e9 esquizofr\u00eanica!<br \/>\nMas, na pr\u00f3xima vida (se houver), quer ser um panda.<\/p>\n<p>[\/et_pb_team_member][et_pb_team_member admin_label=&#8221;Pessoa&#8221; name=&#8221;Reinecken&#8221; image_url=&#8221;http:\/\/dragoesdegaragem.com\/trabalhodemesa\/wp-content\/uploads\/2019\/05\/Reinecken-1.png&#8221; animation=&#8221;off&#8221; background_layout=&#8221;light&#8221; use_border_color=&#8221;off&#8221; border_color=&#8221;#ffffff&#8221; border_style=&#8221;solid&#8221; position=&#8221;Supervisor de Edi\u00e7\u00e3o &#8211; Host&#8221;]<\/p>\n<p>Criador e host do TdM, professor, palha\u00e7o e editor de \u00e1udio e v\u00eddeo. Ele \u00e9 ateu e n\u00e3o acredita em astrologia.<br \/>\nMas, n\u00e3o costuma escrever na 3\u00aa pessoa.<\/p>\n<p>[\/et_pb_team_member][\/et_pb_column][\/et_pb_row][\/et_pb_section]<\/p>\n","protected":false},"excerpt":{"rendered":"<p>[et_pb_section admin_label=&#8221;section&#8221;][et_pb_row admin_label=&#8221;row&#8221;][et_pb_column type=&#8221;4_4&#8243;][et_pb_image admin_label=&#8221;Imagem&#8221; src=&#8221;http:\/\/dragoesdegaragem.com\/trabalhodemesa\/wp-content\/uploads\/2017\/01\/logo_TdM_cor-400.png&#8221; show_in_lightbox=&#8221;off&#8221; url_new_window=&#8221;off&#8221; use_overlay=&#8221;off&#8221; animation=&#8221;off&#8221; sticky=&#8221;on&#8221; align=&#8221;center&#8221; force_fullwidth=&#8221;off&#8221; always_center_on_mobile=&#8221;on&#8221; use_border_color=&#8221;off&#8221; border_color=&#8221;#ffffff&#8221; border_style=&#8221;solid&#8221;] &nbsp; [\/et_pb_image][et_pb_text admin_label=&#8221;Texto&#8221; background_layout=&#8221;light&#8221; text_orientation=&#8221;left&#8221; use_border_color=&#8221;off&#8221; border_color=&#8221;#ffffff&#8221; border_style=&#8221;solid&#8221;] Com o intuito de produzir conte\u00fados virtuais brasileiros, multiplicar os conte\u00fados art\u00edsticos na Internet e, ainda, registrar o pensamento do fazer Arte, o TdM foi criado como um programa sobre [&hellip;]<\/p>\n","protected":false},"author":1,"featured_media":0,"parent":0,"menu_order":0,"comment_status":"closed","ping_status":"closed","template":"","meta":{"footnotes":""},"class_list":["post-107","page","type-page","status-publish","hentry"],"yoast_head":"<!-- This site is optimized with the Yoast SEO plugin v27.3 - https:\/\/yoast.com\/product\/yoast-seo-wordpress\/ -->\n<title>Sobre - Trabalho de Mesa<\/title>\n<meta name=\"robots\" content=\"index, follow, max-snippet:-1, max-image-preview:large, max-video-preview:-1\" \/>\n<link rel=\"canonical\" href=\"http:\/\/dragoesdegaragem.com\/trabalhodemesa\/sobre\/\" \/>\n<meta property=\"og:locale\" content=\"pt_BR\" \/>\n<meta property=\"og:type\" content=\"article\" \/>\n<meta property=\"og:title\" content=\"Sobre - Trabalho de Mesa\" \/>\n<meta property=\"og:description\" content=\"[et_pb_section admin_label=&#8221;section&#8221;][et_pb_row admin_label=&#8221;row&#8221;][et_pb_column type=&#8221;4_4&#8243;][et_pb_image admin_label=&#8221;Imagem&#8221; src=&#8221;http:\/\/dragoesdegaragem.com\/trabalhodemesa\/wp-content\/uploads\/2017\/01\/logo_TdM_cor-400.png&#8221; show_in_lightbox=&#8221;off&#8221; url_new_window=&#8221;off&#8221; use_overlay=&#8221;off&#8221; animation=&#8221;off&#8221; sticky=&#8221;on&#8221; align=&#8221;center&#8221; force_fullwidth=&#8221;off&#8221; always_center_on_mobile=&#8221;on&#8221; use_border_color=&#8221;off&#8221; border_color=&#8221;#ffffff&#8221; border_style=&#8221;solid&#8221;] &nbsp; [\/et_pb_image][et_pb_text admin_label=&#8221;Texto&#8221; background_layout=&#8221;light&#8221; text_orientation=&#8221;left&#8221; use_border_color=&#8221;off&#8221; border_color=&#8221;#ffffff&#8221; border_style=&#8221;solid&#8221;] Com o intuito de produzir conte\u00fados virtuais brasileiros, multiplicar os conte\u00fados art\u00edsticos na Internet e, ainda, registrar o pensamento do fazer Arte, o TdM foi criado como um programa sobre [&hellip;]\" \/>\n<meta property=\"og:url\" content=\"http:\/\/dragoesdegaragem.com\/trabalhodemesa\/sobre\/\" \/>\n<meta property=\"og:site_name\" content=\"Trabalho de Mesa\" \/>\n<meta property=\"article:publisher\" content=\"https:\/\/www.facebook.com\/trabalhodemesa\" \/>\n<meta property=\"article:modified_time\" content=\"2019-08-11T06:58:46+00:00\" \/>\n<meta property=\"og:image\" content=\"http:\/\/dragoesdegaragem.com\/trabalhodemesa\/wp-content\/uploads\/2017\/02\/social.png\" \/>\n\t<meta property=\"og:image:width\" content=\"1000\" \/>\n\t<meta property=\"og:image:height\" content=\"561\" \/>\n\t<meta property=\"og:image:type\" content=\"image\/png\" \/>\n<meta name=\"twitter:card\" content=\"summary_large_image\" \/>\n<meta name=\"twitter:site\" content=\"@TrabalhodeMesa\" \/>\n<meta name=\"twitter:label1\" content=\"Est. tempo de leitura\" \/>\n\t<meta name=\"twitter:data1\" content=\"4 minutos\" \/>\n<script type=\"application\/ld+json\" class=\"yoast-schema-graph\">{\"@context\":\"https:\\\/\\\/schema.org\",\"@graph\":[{\"@type\":\"WebPage\",\"@id\":\"http:\\\/\\\/dragoesdegaragem.com\\\/trabalhodemesa\\\/sobre\\\/\",\"url\":\"http:\\\/\\\/dragoesdegaragem.com\\\/trabalhodemesa\\\/sobre\\\/\",\"name\":\"Sobre - Trabalho de Mesa\",\"isPartOf\":{\"@id\":\"http:\\\/\\\/dragoesdegaragem.com\\\/trabalhodemesa\\\/#website\"},\"datePublished\":\"2017-01-27T06:48:24+00:00\",\"dateModified\":\"2019-08-11T06:58:46+00:00\",\"breadcrumb\":{\"@id\":\"http:\\\/\\\/dragoesdegaragem.com\\\/trabalhodemesa\\\/sobre\\\/#breadcrumb\"},\"inLanguage\":\"pt-BR\",\"potentialAction\":[{\"@type\":\"ReadAction\",\"target\":[\"http:\\\/\\\/dragoesdegaragem.com\\\/trabalhodemesa\\\/sobre\\\/\"]}]},{\"@type\":\"BreadcrumbList\",\"@id\":\"http:\\\/\\\/dragoesdegaragem.com\\\/trabalhodemesa\\\/sobre\\\/#breadcrumb\",\"itemListElement\":[{\"@type\":\"ListItem\",\"position\":1,\"name\":\"In\u00edcio\",\"item\":\"http:\\\/\\\/dragoesdegaragem.com\\\/trabalhodemesa\\\/\"},{\"@type\":\"ListItem\",\"position\":2,\"name\":\"Sobre\"}]},{\"@type\":\"WebSite\",\"@id\":\"http:\\\/\\\/dragoesdegaragem.com\\\/trabalhodemesa\\\/#website\",\"url\":\"http:\\\/\\\/dragoesdegaragem.com\\\/trabalhodemesa\\\/\",\"name\":\"Trabalho de Mesa\",\"description\":\"Podcast sobre Teatro, Cinema, e Artes em Geral. Falamos da vida tamb\u00e9m!\",\"publisher\":{\"@id\":\"http:\\\/\\\/dragoesdegaragem.com\\\/trabalhodemesa\\\/#organization\"},\"potentialAction\":[{\"@type\":\"SearchAction\",\"target\":{\"@type\":\"EntryPoint\",\"urlTemplate\":\"http:\\\/\\\/dragoesdegaragem.com\\\/trabalhodemesa\\\/?s={search_term_string}\"},\"query-input\":{\"@type\":\"PropertyValueSpecification\",\"valueRequired\":true,\"valueName\":\"search_term_string\"}}],\"inLanguage\":\"pt-BR\"},{\"@type\":\"Organization\",\"@id\":\"http:\\\/\\\/dragoesdegaragem.com\\\/trabalhodemesa\\\/#organization\",\"name\":\"Trabalho de Mesa - Podcas\",\"url\":\"http:\\\/\\\/dragoesdegaragem.com\\\/trabalhodemesa\\\/\",\"logo\":{\"@type\":\"ImageObject\",\"inLanguage\":\"pt-BR\",\"@id\":\"http:\\\/\\\/dragoesdegaragem.com\\\/trabalhodemesa\\\/#\\\/schema\\\/logo\\\/image\\\/\",\"url\":\"https:\\\/\\\/dragoesdegaragem.com\\\/trabalhodemesa\\\/wp-content\\\/uploads\\\/2017\\\/01\\\/logo_TdM_cor-400.png\",\"contentUrl\":\"https:\\\/\\\/dragoesdegaragem.com\\\/trabalhodemesa\\\/wp-content\\\/uploads\\\/2017\\\/01\\\/logo_TdM_cor-400.png\",\"width\":400,\"height\":351,\"caption\":\"Trabalho de Mesa - Podcas\"},\"image\":{\"@id\":\"http:\\\/\\\/dragoesdegaragem.com\\\/trabalhodemesa\\\/#\\\/schema\\\/logo\\\/image\\\/\"},\"sameAs\":[\"https:\\\/\\\/www.facebook.com\\\/trabalhodemesa\",\"https:\\\/\\\/x.com\\\/TrabalhodeMesa\",\"https:\\\/\\\/www.instagram.com\\\/trabalhodemesa\",\"https:\\\/\\\/www.youtube.com\\\/confinsartisticos\"]}]}<\/script>\n<!-- \/ Yoast SEO plugin. -->","yoast_head_json":{"title":"Sobre - Trabalho de Mesa","robots":{"index":"index","follow":"follow","max-snippet":"max-snippet:-1","max-image-preview":"max-image-preview:large","max-video-preview":"max-video-preview:-1"},"canonical":"http:\/\/dragoesdegaragem.com\/trabalhodemesa\/sobre\/","og_locale":"pt_BR","og_type":"article","og_title":"Sobre - Trabalho de Mesa","og_description":"[et_pb_section admin_label=&#8221;section&#8221;][et_pb_row admin_label=&#8221;row&#8221;][et_pb_column type=&#8221;4_4&#8243;][et_pb_image admin_label=&#8221;Imagem&#8221; src=&#8221;http:\/\/dragoesdegaragem.com\/trabalhodemesa\/wp-content\/uploads\/2017\/01\/logo_TdM_cor-400.png&#8221; show_in_lightbox=&#8221;off&#8221; url_new_window=&#8221;off&#8221; use_overlay=&#8221;off&#8221; animation=&#8221;off&#8221; sticky=&#8221;on&#8221; align=&#8221;center&#8221; force_fullwidth=&#8221;off&#8221; always_center_on_mobile=&#8221;on&#8221; use_border_color=&#8221;off&#8221; border_color=&#8221;#ffffff&#8221; border_style=&#8221;solid&#8221;] &nbsp; [\/et_pb_image][et_pb_text admin_label=&#8221;Texto&#8221; background_layout=&#8221;light&#8221; text_orientation=&#8221;left&#8221; use_border_color=&#8221;off&#8221; border_color=&#8221;#ffffff&#8221; border_style=&#8221;solid&#8221;] Com o intuito de produzir conte\u00fados virtuais brasileiros, multiplicar os conte\u00fados art\u00edsticos na Internet e, ainda, registrar o pensamento do fazer Arte, o TdM foi criado como um programa sobre [&hellip;]","og_url":"http:\/\/dragoesdegaragem.com\/trabalhodemesa\/sobre\/","og_site_name":"Trabalho de Mesa","article_publisher":"https:\/\/www.facebook.com\/trabalhodemesa","article_modified_time":"2019-08-11T06:58:46+00:00","og_image":[{"width":1000,"height":561,"url":"http:\/\/dragoesdegaragem.com\/trabalhodemesa\/wp-content\/uploads\/2017\/02\/social.png","type":"image\/png"}],"twitter_card":"summary_large_image","twitter_site":"@TrabalhodeMesa","twitter_misc":{"Est. tempo de leitura":"4 minutos"},"schema":{"@context":"https:\/\/schema.org","@graph":[{"@type":"WebPage","@id":"http:\/\/dragoesdegaragem.com\/trabalhodemesa\/sobre\/","url":"http:\/\/dragoesdegaragem.com\/trabalhodemesa\/sobre\/","name":"Sobre - Trabalho de Mesa","isPartOf":{"@id":"http:\/\/dragoesdegaragem.com\/trabalhodemesa\/#website"},"datePublished":"2017-01-27T06:48:24+00:00","dateModified":"2019-08-11T06:58:46+00:00","breadcrumb":{"@id":"http:\/\/dragoesdegaragem.com\/trabalhodemesa\/sobre\/#breadcrumb"},"inLanguage":"pt-BR","potentialAction":[{"@type":"ReadAction","target":["http:\/\/dragoesdegaragem.com\/trabalhodemesa\/sobre\/"]}]},{"@type":"BreadcrumbList","@id":"http:\/\/dragoesdegaragem.com\/trabalhodemesa\/sobre\/#breadcrumb","itemListElement":[{"@type":"ListItem","position":1,"name":"In\u00edcio","item":"http:\/\/dragoesdegaragem.com\/trabalhodemesa\/"},{"@type":"ListItem","position":2,"name":"Sobre"}]},{"@type":"WebSite","@id":"http:\/\/dragoesdegaragem.com\/trabalhodemesa\/#website","url":"http:\/\/dragoesdegaragem.com\/trabalhodemesa\/","name":"Trabalho de Mesa","description":"Podcast sobre Teatro, Cinema, e Artes em Geral. Falamos da vida tamb\u00e9m!","publisher":{"@id":"http:\/\/dragoesdegaragem.com\/trabalhodemesa\/#organization"},"potentialAction":[{"@type":"SearchAction","target":{"@type":"EntryPoint","urlTemplate":"http:\/\/dragoesdegaragem.com\/trabalhodemesa\/?s={search_term_string}"},"query-input":{"@type":"PropertyValueSpecification","valueRequired":true,"valueName":"search_term_string"}}],"inLanguage":"pt-BR"},{"@type":"Organization","@id":"http:\/\/dragoesdegaragem.com\/trabalhodemesa\/#organization","name":"Trabalho de Mesa - Podcas","url":"http:\/\/dragoesdegaragem.com\/trabalhodemesa\/","logo":{"@type":"ImageObject","inLanguage":"pt-BR","@id":"http:\/\/dragoesdegaragem.com\/trabalhodemesa\/#\/schema\/logo\/image\/","url":"https:\/\/dragoesdegaragem.com\/trabalhodemesa\/wp-content\/uploads\/2017\/01\/logo_TdM_cor-400.png","contentUrl":"https:\/\/dragoesdegaragem.com\/trabalhodemesa\/wp-content\/uploads\/2017\/01\/logo_TdM_cor-400.png","width":400,"height":351,"caption":"Trabalho de Mesa - Podcas"},"image":{"@id":"http:\/\/dragoesdegaragem.com\/trabalhodemesa\/#\/schema\/logo\/image\/"},"sameAs":["https:\/\/www.facebook.com\/trabalhodemesa","https:\/\/x.com\/TrabalhodeMesa","https:\/\/www.instagram.com\/trabalhodemesa","https:\/\/www.youtube.com\/confinsartisticos"]}]}},"_links":{"self":[{"href":"http:\/\/dragoesdegaragem.com\/trabalhodemesa\/wp-json\/wp\/v2\/pages\/107","targetHints":{"allow":["GET"]}}],"collection":[{"href":"http:\/\/dragoesdegaragem.com\/trabalhodemesa\/wp-json\/wp\/v2\/pages"}],"about":[{"href":"http:\/\/dragoesdegaragem.com\/trabalhodemesa\/wp-json\/wp\/v2\/types\/page"}],"author":[{"embeddable":true,"href":"http:\/\/dragoesdegaragem.com\/trabalhodemesa\/wp-json\/wp\/v2\/users\/1"}],"replies":[{"embeddable":true,"href":"http:\/\/dragoesdegaragem.com\/trabalhodemesa\/wp-json\/wp\/v2\/comments?post=107"}],"version-history":[{"count":12,"href":"http:\/\/dragoesdegaragem.com\/trabalhodemesa\/wp-json\/wp\/v2\/pages\/107\/revisions"}],"predecessor-version":[{"id":915,"href":"http:\/\/dragoesdegaragem.com\/trabalhodemesa\/wp-json\/wp\/v2\/pages\/107\/revisions\/915"}],"wp:attachment":[{"href":"http:\/\/dragoesdegaragem.com\/trabalhodemesa\/wp-json\/wp\/v2\/media?parent=107"}],"curies":[{"name":"wp","href":"https:\/\/api.w.org\/{rel}","templated":true}]}}